{"id":158,"date":"2023-11-21T03:56:10","date_gmt":"2023-11-21T03:56:10","guid":{"rendered":"https:\/\/shcn.ca\/?page_id=158"},"modified":"2026-01-14T14:18:32","modified_gmt":"2026-01-14T14:18:32","slug":"a-propos","status":"publish","type":"page","link":"https:\/\/shcn.ca\/index.php\/a-propos\/","title":{"rendered":"\u00c0 propos"},"content":{"rendered":"\t\t<div data-elementor-type=\"wp-page\" data-elementor-id=\"158\" class=\"elementor elementor-158\" data-elementor-post-type=\"page\">\n\t\t\t\t<div class=\"elementor-element elementor-element-3a81e277 e-con-full e-flex e-con e-parent\" data-id=\"3a81e277\" data-element_type=\"container\" data-settings=\"{&quot;background_background&quot;:&quot;classic&quot;}\">\n\t\t\t\t<\/div>\n\t\t<div class=\"elementor-element elementor-element-6602289 e-grid e-con-boxed e-con e-parent\" data-id=\"6602289\" data-element_type=\"container\">\n\t\t\t\t\t<div class=\"e-con-inner\">\n\t\t\t\t\t<\/div>\n\t\t\t\t<\/div>\n\t\t<div class=\"elementor-element elementor-element-2d42c7cb e-flex e-con-boxed e-con e-parent\" data-id=\"2d42c7cb\" data-element_type=\"container\">\n\t\t\t\t\t<div class=\"e-con-inner\">\n\t\t<div class=\"elementor-element elementor-element-67ab981d e-flex e-con-boxed e-con e-child\" data-id=\"67ab981d\" data-element_type=\"container\">\n\t\t\t\t\t<div class=\"e-con-inner\">\n\t\t<div class=\"elementor-element elementor-element-2694be4d e-con-full e-flex e-con e-child\" data-id=\"2694be4d\" data-element_type=\"container\">\n\t\t\t\t<div class=\"elementor-element elementor-element-73bdd06e elementor-widget__width-initial elementor-widget-mobile__width-inherit elementor-invisible elementor-widget elementor-widget-heading\" data-id=\"73bdd06e\" data-element_type=\"widget\" data-settings=\"{&quot;_animation&quot;:&quot;slideInDown&quot;,&quot;_animation_delay&quot;:400}\" data-widget_type=\"heading.default\">\n\t\t\t\t<div class=\"elementor-widget-container\">\n\t\t\t\t\t<h2 class=\"elementor-heading-title elementor-size-default\">Notre positionnement \n<\/h2>\t\t\t\t<\/div>\n\t\t\t\t<\/div>\n\t\t\t\t<div class=\"elementor-element elementor-element-5842bc20 elementor-widget__width-initial elementor-widget-mobile__width-inherit elementor-widget elementor-widget-text-editor\" data-id=\"5842bc20\" data-element_type=\"widget\" data-widget_type=\"text-editor.default\">\n\t\t\t\t<div class=\"elementor-widget-container\">\n\t\t\t\t\t\t\t\t\t<p>La SHCN est un acteur cl\u00e9 du logement communautaire qui se distingue par une approche int\u00e9gr\u00e9e et innovante, combinant constructions neuves et r\u00e9novations, avec un engagement ferme envers le Net Z\u00e9ro, l&#8217;inclusion et la justice sociale.<\/p><p class=\"MsoNormal\" style=\"mso-margin-top-alt: auto; mso-margin-bottom-alt: auto; line-height: normal;\">\u00a0<\/p>\t\t\t\t\t\t\t\t<\/div>\n\t\t\t\t<\/div>\n\t\t\t\t<\/div>\n\t\t\t\t\t<\/div>\n\t\t\t\t<\/div>\n\t\t\t\t\t<\/div>\n\t\t\t\t<\/div>\n\t\t<div class=\"elementor-element elementor-element-8384ff1 e-flex e-con-boxed e-con e-parent\" data-id=\"8384ff1\" data-element_type=\"container\">\n\t\t\t\t\t<div class=\"e-con-inner\">\n\t\t<div class=\"elementor-element elementor-element-1fe2e08f e-flex e-con-boxed e-con e-child\" data-id=\"1fe2e08f\" data-element_type=\"container\">\n\t\t\t\t\t<div class=\"e-con-inner\">\n\t\t<div class=\"elementor-element elementor-element-7ca208f e-con-full e-flex e-con e-child\" data-id=\"7ca208f\" data-element_type=\"container\">\n\t\t<div class=\"elementor-element elementor-element-625ac77c e-con-full e-flex e-con e-child\" data-id=\"625ac77c\" data-element_type=\"container\">\n\t\t\t\t<div class=\"elementor-element elementor-element-561cc8dc elementor-invisible elementor-widget elementor-widget-heading\" data-id=\"561cc8dc\" data-element_type=\"widget\" data-settings=\"{&quot;_animation&quot;:&quot;slideInLeft&quot;}\" data-widget_type=\"heading.default\">\n\t\t\t\t<div class=\"elementor-widget-container\">\n\t\t\t\t\t<h3 class=\"elementor-heading-title elementor-size-default\">SHCN<\/h3>\t\t\t\t<\/div>\n\t\t\t\t<\/div>\n\t\t\t\t<\/div>\n\t\t<div class=\"elementor-element elementor-element-45a4f17 e-con-full e-flex e-con e-child\" data-id=\"45a4f17\" data-element_type=\"container\">\n\t\t\t\t<div class=\"elementor-element elementor-element-71fd318 elementor-widget-tablet__width-initial elementor-widget-mobile__width-inherit elementor-invisible elementor-widget elementor-widget-heading\" data-id=\"71fd318\" data-element_type=\"widget\" data-settings=\"{&quot;_animation&quot;:&quot;slideInLeft&quot;,&quot;_animation_delay&quot;:400}\" data-widget_type=\"heading.default\">\n\t\t\t\t<div class=\"elementor-widget-container\">\n\t\t\t\t\t<h2 class=\"elementor-heading-title elementor-size-default\"><span style=\"color: var( --e-global-color-a0e571a );font-family: var( --e-global-typography-4b4aecd-font-family ), Sans-serif;font-size: var( --e-global-typography-4b4aecd-font-size );font-style: var( --e-global-typography-4b4aecd-font-style );font-weight: var( --e-global-typography-4b4aecd-font-weight );letter-spacing: var( --e-global-typography-4b4aecd-letter-spacing );text-transform: var( --e-global-typography-4b4aecd-text-transform );text-align: var(--text-align);background-color: var( --e-global-color-dc78308 )\">Une vision globale du logement abordable <\/span><span style=\"color: var( --e-global-color-a0e571a );font-family: var( --e-global-typography-4b4aecd-font-family ), Sans-serif;font-size: var( --e-global-typography-4b4aecd-font-size );font-style: var( --e-global-typography-4b4aecd-font-style );font-weight: var( --e-global-typography-4b4aecd-font-weight );letter-spacing: var( --e-global-typography-4b4aecd-letter-spacing );text-transform: var( --e-global-typography-4b4aecd-text-transform );text-align: var(--text-align);background-color: var( --e-global-color-dc78308 )\"><\/span><\/h2>\t\t\t\t<\/div>\n\t\t\t\t<\/div>\n\t\t\t\t<\/div>\n\t\t<div class=\"elementor-element elementor-element-470e66f6 e-flex e-con-boxed e-con e-child\" data-id=\"470e66f6\" data-element_type=\"container\">\n\t\t\t\t\t<div class=\"e-con-inner\">\n\t\t<div class=\"elementor-element elementor-element-524c403e e-con-full e-flex e-con e-child\" data-id=\"524c403e\" data-element_type=\"container\">\n\t\t\t\t<div class=\"elementor-element elementor-element-5a87b6ba elementor-widget elementor-widget-text-editor\" data-id=\"5a87b6ba\" data-element_type=\"widget\" data-widget_type=\"text-editor.default\">\n\t\t\t\t<div class=\"elementor-widget-container\">\n\t\t\t\t\t\t\t\t\t<p><span style=\"font-weight: 400;\">La SHCN d\u00e9veloppe<\/span><\/p><p>des projets qui vont au-del\u00e0 du simple acc\u00e8s au logement. Son mod\u00e8le repose sur la cr\u00e9ation de milieux de vie complets et durables, o\u00f9 les infrastructures r\u00e9sidentielles sont pens\u00e9es en fonction des besoins des communaut\u00e9s. L\u2019organisme veille \u00e0 pr\u00e9server et d\u00e9velopper du logement abordable et accessible, tout en int\u00e9grant des espaces collectifs et commerciaux qui r\u00e9pondent aux besoins des quartiers o\u00f9 elle intervient.<\/p><p>\u00a0<\/p>\t\t\t\t\t\t\t\t<\/div>\n\t\t\t\t<\/div>\n\t\t\t\t<\/div>\n\t\t\t\t\t<\/div>\n\t\t\t\t<\/div>\n\t\t\t\t<\/div>\n\t\t<div class=\"elementor-element elementor-element-2626ef14 e-con-full e-flex e-con e-child\" data-id=\"2626ef14\" data-element_type=\"container\">\n\t\t\t\t<div class=\"elementor-element elementor-element-54a04949 elementor-widget elementor-widget-image\" data-id=\"54a04949\" data-element_type=\"widget\" data-widget_type=\"image.default\">\n\t\t\t\t<div class=\"elementor-widget-container\">\n\t\t\t\t\t\t\t\t\t\t\t\t\t\t\t<img fetchpriority=\"high\" decoding=\"async\" width=\"1000\" height=\"704\" src=\"https:\/\/shcn.ca\/wp-content\/uploads\/2023\/11\/people-renovating-the-house-2022-12-15-23-40-18-utc.jpg\" class=\"attachment-full size-full wp-image-220\" alt=\"\" srcset=\"https:\/\/shcn.ca\/wp-content\/uploads\/2023\/11\/people-renovating-the-house-2022-12-15-23-40-18-utc.jpg 1000w, https:\/\/shcn.ca\/wp-content\/uploads\/2023\/11\/people-renovating-the-house-2022-12-15-23-40-18-utc-300x211.jpg 300w, https:\/\/shcn.ca\/wp-content\/uploads\/2023\/11\/people-renovating-the-house-2022-12-15-23-40-18-utc-768x541.jpg 768w\" sizes=\"(max-width: 1000px) 100vw, 1000px\" \/>\t\t\t\t\t\t\t\t\t\t\t\t\t\t\t<\/div>\n\t\t\t\t<\/div>\n\t\t\t\t<\/div>\n\t\t\t\t\t<\/div>\n\t\t\t\t<\/div>\n\t\t\t\t\t<\/div>\n\t\t\t\t<\/div>\n\t\t<div class=\"elementor-element elementor-element-18db5f4f e-flex e-con-boxed e-con e-parent\" data-id=\"18db5f4f\" data-element_type=\"container\">\n\t\t\t\t\t<div class=\"e-con-inner\">\n\t\t<div class=\"elementor-element elementor-element-5ed9023 e-flex e-con-boxed e-con e-child\" data-id=\"5ed9023\" data-element_type=\"container\">\n\t\t\t\t\t<div class=\"e-con-inner\">\n\t\t<div class=\"elementor-element elementor-element-37e10b1c e-con-full e-flex e-con e-child\" data-id=\"37e10b1c\" data-element_type=\"container\">\n\t\t\t\t<div class=\"elementor-element elementor-element-4d73b827 elementor-widget elementor-widget-image\" data-id=\"4d73b827\" data-element_type=\"widget\" data-widget_type=\"image.default\">\n\t\t\t\t<div class=\"elementor-widget-container\">\n\t\t\t\t\t\t\t\t\t\t\t\t\t\t\t<img decoding=\"async\" width=\"2560\" height=\"1708\" src=\"https:\/\/shcn.ca\/wp-content\/uploads\/2023\/11\/family-taking-selfie-together-with-phone-at-home-2022-02-02-03-59-34-utc-scaled.jpg\" class=\"attachment-full size-full wp-image-219\" alt=\"\" srcset=\"https:\/\/shcn.ca\/wp-content\/uploads\/2023\/11\/family-taking-selfie-together-with-phone-at-home-2022-02-02-03-59-34-utc-scaled.jpg 2560w, https:\/\/shcn.ca\/wp-content\/uploads\/2023\/11\/family-taking-selfie-together-with-phone-at-home-2022-02-02-03-59-34-utc-300x200.jpg 300w, https:\/\/shcn.ca\/wp-content\/uploads\/2023\/11\/family-taking-selfie-together-with-phone-at-home-2022-02-02-03-59-34-utc-1024x683.jpg 1024w, https:\/\/shcn.ca\/wp-content\/uploads\/2023\/11\/family-taking-selfie-together-with-phone-at-home-2022-02-02-03-59-34-utc-768x512.jpg 768w, https:\/\/shcn.ca\/wp-content\/uploads\/2023\/11\/family-taking-selfie-together-with-phone-at-home-2022-02-02-03-59-34-utc-1536x1025.jpg 1536w, https:\/\/shcn.ca\/wp-content\/uploads\/2023\/11\/family-taking-selfie-together-with-phone-at-home-2022-02-02-03-59-34-utc-2048x1366.jpg 2048w\" sizes=\"(max-width: 2560px) 100vw, 2560px\" \/>\t\t\t\t\t\t\t\t\t\t\t\t\t\t\t<\/div>\n\t\t\t\t<\/div>\n\t\t\t\t<\/div>\n\t\t<div class=\"elementor-element elementor-element-51df3e5c e-con-full e-flex e-con e-child\" data-id=\"51df3e5c\" data-element_type=\"container\">\n\t\t\t\t<div class=\"elementor-element elementor-element-766fa1c5 elementor-widget elementor-widget-heading\" data-id=\"766fa1c5\" data-element_type=\"widget\" data-widget_type=\"heading.default\">\n\t\t\t\t<div class=\"elementor-widget-container\">\n\t\t\t\t\t<h5 class=\"elementor-heading-title elementor-size-default\">Un engagement fort envers l'habitation durable et Net Z\u00e9ro<span style=\"color: var( --e-global-color-secondary );font-family: var( --e-global-typography-40392be-font-family ), Sans-serif;font-size: var( --e-global-typography-40392be-font-size );font-style: var( --e-global-typography-d9f56ad-font-style );font-weight: var( --e-global-typography-40392be-font-weight );letter-spacing: var( --e-global-typography-d9f56ad-letter-spacing );text-transform: var( --e-global-typography-40392be-text-transform );text-align: var(--text-align);background-color: var( --e-global-color-dc78308 )\"> <\/span><span style=\"color: var( --e-global-color-secondary );font-family: var( --e-global-typography-40392be-font-family ), Sans-serif;font-size: var( --e-global-typography-40392be-font-size );font-style: var( --e-global-typography-d9f56ad-font-style );font-weight: var( --e-global-typography-40392be-font-weight );letter-spacing: var( --e-global-typography-d9f56ad-letter-spacing );text-transform: var( --e-global-typography-40392be-text-transform );text-align: var(--text-align);background-color: var( --e-global-color-dc78308 )\"><\/span><\/h5>\t\t\t\t<\/div>\n\t\t\t\t<\/div>\n\t\t\t\t<div class=\"elementor-element elementor-element-0cd484d elementor-widget elementor-widget-text-editor\" data-id=\"0cd484d\" data-element_type=\"widget\" data-widget_type=\"text-editor.default\">\n\t\t\t\t<div class=\"elementor-widget-container\">\n\t\t\t\t\t\t\t\t\t<p>Tous les projets de la SHCN sont con\u00e7us selon des normes de construction \u00e9co\u00e9nerg\u00e9tiques avanc\u00e9es. L\u2019objectif est de r\u00e9duire l\u2019empreinte carbone des b\u00e2timents et les co\u00fbts \u00e9nerg\u00e9tiques pour les r\u00e9sidents gr\u00e2ce \u00e0 :<\/p><ul><li>Des r\u00e9novations \u00e9co\u00e9nerg\u00e9tiques (isolation, r\u00e9cup\u00e9ration de chaleur, ventilation performante).<\/li><\/ul><ul><li>Des constructions Net Z\u00e9ro, int\u00e9grant panneaux solaires, toits verts et syst\u00e8mes d\u2019\u00e9conomie d\u2019\u00e9nergie.<\/li><li>Une approche ax\u00e9e sur la mobilit\u00e9 durable, avec bornes de recharge \u00e9lectrique, v\u00e9lo-partage et accessibilit\u00e9 renforc\u00e9e aux transports en commun.<\/li><\/ul>\t\t\t\t\t\t\t\t<\/div>\n\t\t\t\t<\/div>\n\t\t\t\t<div class=\"elementor-element elementor-element-a6c39f2 elementor-widget elementor-widget-heading\" data-id=\"a6c39f2\" data-element_type=\"widget\" data-widget_type=\"heading.default\">\n\t\t\t\t<div class=\"elementor-widget-container\">\n\t\t\t\t\t<h5 class=\"elementor-heading-title elementor-size-default\">Un acteur de transformation sociale et d\u2019inclusion<\/h5>\t\t\t\t<\/div>\n\t\t\t\t<\/div>\n\t\t\t\t<div class=\"elementor-element elementor-element-61bdac1 elementor-widget elementor-widget-text-editor\" data-id=\"61bdac1\" data-element_type=\"widget\" data-widget_type=\"text-editor.default\">\n\t\t\t\t<div class=\"elementor-widget-container\">\n\t\t\t\t\t\t\t\t\t<p>La SHCN place l\u2019\u00e9quit\u00e9 et la mixit\u00e9 sociale au c\u0153ur de ses actions. Son approche inclusive se refl\u00e8te dans :<\/p><ul><li>Une gouvernance participative, impliquant des repr\u00e9sentants des communaut\u00e9s concern\u00e9es.<\/li><li>Des logements adapt\u00e9s \u00e0 diverses r\u00e9alit\u00e9s (familles, a\u00een\u00e9s, personnes \u00e0 mobilit\u00e9 r\u00e9duite).<\/li><li>Des espaces collectifs et commerciaux qui favorisent le dynamisme local (garderies, \u00e9piceries, centres communautaires).<\/li><\/ul>\t\t\t\t\t\t\t\t<\/div>\n\t\t\t\t<\/div>\n\t\t\t\t<\/div>\n\t\t\t\t\t<\/div>\n\t\t\t\t<\/div>\n\t\t\t\t\t<\/div>\n\t\t\t\t<\/div>\n\t\t<div class=\"elementor-element elementor-element-ca670ef e-flex e-con-boxed e-con e-parent\" data-id=\"ca670ef\" data-element_type=\"container\">\n\t\t\t\t\t<div class=\"e-con-inner\">\n\t\t<div class=\"elementor-element elementor-element-485926d e-flex e-con-boxed e-con e-child\" data-id=\"485926d\" data-element_type=\"container\">\n\t\t\t\t\t<div class=\"e-con-inner\">\n\t\t<div class=\"elementor-element elementor-element-7eeb606 e-con-full e-flex e-con e-child\" data-id=\"7eeb606\" data-element_type=\"container\">\n\t\t\t\t<div class=\"elementor-element elementor-element-593caa2 elementor-widget elementor-widget-heading\" data-id=\"593caa2\" data-element_type=\"widget\" data-widget_type=\"heading.default\">\n\t\t\t\t<div class=\"elementor-widget-container\">\n\t\t\t\t\t<h5 class=\"elementor-heading-title elementor-size-default\">Un mod\u00e8le \u00e9conomique durable et reproductible <\/h5>\t\t\t\t<\/div>\n\t\t\t\t<\/div>\n\t\t\t\t<div class=\"elementor-element elementor-element-aafdc11 elementor-widget elementor-widget-text-editor\" data-id=\"aafdc11\" data-element_type=\"widget\" data-widget_type=\"text-editor.default\">\n\t\t\t\t<div class=\"elementor-widget-container\">\n\t\t\t\t\t\t\t\t\t<p><span style=\"font-family: 'Times New Roman', serif; font-size: 12pt; text-align: var(--text-align); background-color: var( --e-global-color-dc78308 ); color: var( --e-global-color-288ba8b ); font-style: var( --e-global-typography-text-font-style ); font-weight: var( --e-global-typography-text-font-weight ); letter-spacing: var( --e-global-typography-text-letter-spacing ); text-transform: var( --e-global-typography-text-text-transform );\">Contrairement aux mod\u00e8les traditionnels de logement social, la SHCN adopte une approche qui r\u00e9duit la d\u00e9pendance aux financements publics. Elle d\u00e9veloppe des partenariats strat\u00e9giques avec des municipalit\u00e9s, des investisseurs d\u2019impact et des acteurs institutionnels pour assurer la p\u00e9rennit\u00e9 financi\u00e8re de ses projets et leur r\u00e9plicabilit\u00e9 \u00e0 grande \u00e9chelle.<\/span><\/p>\t\t\t\t\t\t\t\t<\/div>\n\t\t\t\t<\/div>\n\t\t\t\t<div class=\"elementor-element elementor-element-bc0adc9 elementor-widget elementor-widget-heading\" data-id=\"bc0adc9\" data-element_type=\"widget\" data-widget_type=\"heading.default\">\n\t\t\t\t<div class=\"elementor-widget-container\">\n\t\t\t\t\t<h5 class=\"elementor-heading-title elementor-size-default\">Transformation structurante par le logement social \u00e0 vocation mixte <\/h5>\t\t\t\t<\/div>\n\t\t\t\t<\/div>\n\t\t\t\t<div class=\"elementor-element elementor-element-fe936fd elementor-widget elementor-widget-text-editor\" data-id=\"fe936fd\" data-element_type=\"widget\" data-widget_type=\"text-editor.default\">\n\t\t\t\t<div class=\"elementor-widget-container\">\n\t\t\t\t\t\t\t\t\t<p>Le logement social peut servir de mod\u00e8le de transformation, permettant aux OBNL noires de r\u00e9pondre \u00e0 d&#8217;autres besoins tout en offrant un acc\u00e8s au logement. Cela cr\u00e9e un \u00e9cosyst\u00e8me plus complet et plus diversifi\u00e9 pour les communaut\u00e9s noires.<\/p>\t\t\t\t\t\t\t\t<\/div>\n\t\t\t\t<\/div>\n\t\t\t\t<\/div>\n\t\t<div class=\"elementor-element elementor-element-a443344 e-con-full e-flex e-con e-child\" data-id=\"a443344\" data-element_type=\"container\">\n\t\t\t\t<div class=\"elementor-element elementor-element-3400fc3 elementor-widget elementor-widget-image\" data-id=\"3400fc3\" data-element_type=\"widget\" data-widget_type=\"image.default\">\n\t\t\t\t<div class=\"elementor-widget-container\">\n\t\t\t\t\t\t\t\t\t\t\t\t\t\t\t<img decoding=\"async\" width=\"1000\" height=\"667\" src=\"https:\/\/shcn.ca\/wp-content\/uploads\/2023\/11\/young-african-kids-moving-to-new-house-2022-12-16-01-28-48-utc.jpg\" class=\"attachment-full size-full wp-image-222\" alt=\"\" srcset=\"https:\/\/shcn.ca\/wp-content\/uploads\/2023\/11\/young-african-kids-moving-to-new-house-2022-12-16-01-28-48-utc.jpg 1000w, https:\/\/shcn.ca\/wp-content\/uploads\/2023\/11\/young-african-kids-moving-to-new-house-2022-12-16-01-28-48-utc-300x200.jpg 300w, https:\/\/shcn.ca\/wp-content\/uploads\/2023\/11\/young-african-kids-moving-to-new-house-2022-12-16-01-28-48-utc-768x512.jpg 768w\" sizes=\"(max-width: 1000px) 100vw, 1000px\" \/>\t\t\t\t\t\t\t\t\t\t\t\t\t\t\t<\/div>\n\t\t\t\t<\/div>\n\t\t\t\t<\/div>\n\t\t\t\t\t<\/div>\n\t\t\t\t<\/div>\n\t\t\t\t\t<\/div>\n\t\t\t\t<\/div>\n\t\t<div class=\"elementor-element elementor-element-ec72098 e-flex e-con-boxed e-con e-parent\" data-id=\"ec72098\" data-element_type=\"container\">\n\t\t\t\t\t<div class=\"e-con-inner\">\n\t\t<div class=\"elementor-element elementor-element-d24b74b e-flex e-con-boxed e-con e-child\" data-id=\"d24b74b\" data-element_type=\"container\">\n\t\t\t\t\t<div class=\"e-con-inner\">\n\t\t<div class=\"elementor-element elementor-element-9594955 e-con-full e-flex e-con e-child\" data-id=\"9594955\" data-element_type=\"container\">\n\t\t\t\t<div class=\"elementor-element elementor-element-a0c395c elementor-widget elementor-widget-image\" data-id=\"a0c395c\" data-element_type=\"widget\" data-widget_type=\"image.default\">\n\t\t\t\t<div class=\"elementor-widget-container\">\n\t\t\t\t\t\t\t\t\t\t\t\t\t\t\t<img loading=\"lazy\" decoding=\"async\" width=\"1000\" height=\"667\" src=\"https:\/\/shcn.ca\/wp-content\/uploads\/2023\/11\/retired-african-american-old-man-at-home-caring-fo-2022-12-14-03-27-23-utc.jpg\" class=\"attachment-full size-full wp-image-221\" alt=\"\" srcset=\"https:\/\/shcn.ca\/wp-content\/uploads\/2023\/11\/retired-african-american-old-man-at-home-caring-fo-2022-12-14-03-27-23-utc.jpg 1000w, https:\/\/shcn.ca\/wp-content\/uploads\/2023\/11\/retired-african-american-old-man-at-home-caring-fo-2022-12-14-03-27-23-utc-300x200.jpg 300w, https:\/\/shcn.ca\/wp-content\/uploads\/2023\/11\/retired-african-american-old-man-at-home-caring-fo-2022-12-14-03-27-23-utc-768x512.jpg 768w\" sizes=\"(max-width: 1000px) 100vw, 1000px\" \/>\t\t\t\t\t\t\t\t\t\t\t\t\t\t\t<\/div>\n\t\t\t\t<\/div>\n\t\t\t\t<\/div>\n\t\t<div class=\"elementor-element elementor-element-6bcf4eb e-con-full e-flex e-con e-child\" data-id=\"6bcf4eb\" data-element_type=\"container\">\n\t\t\t\t<div class=\"elementor-element elementor-element-040a6f9 elementor-widget elementor-widget-heading\" data-id=\"040a6f9\" data-element_type=\"widget\" data-widget_type=\"heading.default\">\n\t\t\t\t<div class=\"elementor-widget-container\">\n\t\t\t\t\t<h5 class=\"elementor-heading-title elementor-size-default\">R\u00e9duction de la d\u00e9pendance aux fonds publics <\/h5>\t\t\t\t<\/div>\n\t\t\t\t<\/div>\n\t\t\t\t<div class=\"elementor-element elementor-element-0bc22ec elementor-widget elementor-widget-text-editor\" data-id=\"0bc22ec\" data-element_type=\"widget\" data-widget_type=\"text-editor.default\">\n\t\t\t\t<div class=\"elementor-widget-container\">\n\t\t\t\t\t\t\t\t\t<p>Notre objectif, avec le temps, est de g\u00e9n\u00e9rer des revenus et de la valeur \u00e0 partir des immeubles, r\u00e9duisant ainsi la d\u00e9pendance aux sources de financement gouvernementales et garantissant du m\u00eame coup une r\u00e9ponse constante aux besoins des communaut\u00e9s noires.<\/p><p><span style=\"text-align: var(--text-align); background-color: var( --e-global-color-dc78308 ); color: var( --e-global-color-288ba8b ); font-family: var( --e-global-typography-text-font-family ), Sans-serif; font-size: var( --e-global-typography-text-font-size ); font-style: var( --e-global-typography-text-font-style ); font-weight: var( --e-global-typography-text-font-weight ); letter-spacing: var( --e-global-typography-text-letter-spacing ); text-transform: var( --e-global-typography-text-text-transform );\">Nous accompagnons les OBNL dans la transformation d\u2019un poste de d\u00e9pense en un poste de revenu rendant leur activit\u00e9 (self sustainable) rentable, viable et autonome.<\/span><\/p>\t\t\t\t\t\t\t\t<\/div>\n\t\t\t\t<\/div>\n\t\t\t\t<div class=\"elementor-element elementor-element-1da9462 elementor-widget elementor-widget-heading\" data-id=\"1da9462\" data-element_type=\"widget\" data-widget_type=\"heading.default\">\n\t\t\t\t<div class=\"elementor-widget-container\">\n\t\t\t\t\t<h5 class=\"elementor-heading-title elementor-size-default\">Approche fluide et efficiente <\/h5>\t\t\t\t<\/div>\n\t\t\t\t<\/div>\n\t\t\t\t<div class=\"elementor-element elementor-element-1781040 elementor-widget elementor-widget-text-editor\" data-id=\"1781040\" data-element_type=\"widget\" data-widget_type=\"text-editor.default\">\n\t\t\t\t<div class=\"elementor-widget-container\">\n\t\t\t\t\t\t\t\t\tNous proposons une approche fluide o\u00f9 les organismes n&#8217;ont pas \u00e0 consacrer des ressources consid\u00e9rables au d\u00e9veloppement de comp\u00e9tences, mais peuvent collaborer avec le CTLC et la SHCN pour r\u00e9pondre rapidement et efficacement \u00e0 leurs besoins.\n\t\t\t\t\t\t\t\t<\/div>\n\t\t\t\t<\/div>\n\t\t\t\t<\/div>\n\t\t\t\t\t<\/div>\n\t\t\t\t<\/div>\n\t\t\t\t\t<\/div>\n\t\t\t\t<\/div>\n\t\t<div class=\"elementor-element elementor-element-56a7385 e-flex e-con-boxed e-con e-parent\" data-id=\"56a7385\" data-element_type=\"container\" data-settings=\"{&quot;background_background&quot;:&quot;classic&quot;}\">\n\t\t\t\t\t<div class=\"e-con-inner\">\n\t\t\t\t<div class=\"elementor-element elementor-element-e25806d elementor-widget elementor-widget-text-editor\" data-id=\"e25806d\" data-element_type=\"widget\" data-widget_type=\"text-editor.default\">\n\t\t\t\t<div class=\"elementor-widget-container\">\n\t\t\t\t\t\t\t\t\t<p>Avec cette approche, la SHCN, en collaboration avec le CTLC, pourra s\u2019engager \u00e0 devenir le porteur de services qui r\u00e9ponde efficacement aux besoins du march\u00e9 du Qu\u00e9bec. Nous visons \u00e0 cr\u00e9er un mod\u00e8le durable qui favorise l&#8217;autonomie des communaut\u00e9s noires en utilisant le logement abordable mixte comme un levier de transformation sociale et communautaire r\u00e9pondant de mani\u00e8re constante et compl\u00e8te \u00e0 leurs besoins.<\/p>\t\t\t\t\t\t\t\t<\/div>\n\t\t\t\t<\/div>\n\t\t\t\t\t<\/div>\n\t\t\t\t<\/div>\n\t\t<div class=\"elementor-element elementor-element-54eee1a e-flex e-con-boxed e-con e-parent\" data-id=\"54eee1a\" data-element_type=\"container\">\n\t\t\t\t\t<div class=\"e-con-inner\">\n\t\t\t\t\t<\/div>\n\t\t\t\t<\/div>\n\t\t\t\t<\/div>\n\t\t","protected":false},"excerpt":{"rendered":"<p>Notre positionnement La SHCN est un acteur cl\u00e9 du logement communautaire qui se distingue par une approche int\u00e9gr\u00e9e et innovante, combinant constructions neuves et r\u00e9novations, avec un engagement ferme envers le Net Z\u00e9ro, l&#8217;inclusion et la justice sociale. \u00a0 SHCN Une vision globale du logement abordable La SHCN d\u00e9veloppe des projets qui vont au-del\u00e0 du [&hellip;]<\/p>\n","protected":false},"author":1,"featured_media":0,"parent":0,"menu_order":0,"comment_status":"closed","ping_status":"closed","template":"","meta":{"footnotes":""},"_links":{"self":[{"href":"https:\/\/shcn.ca\/index.php\/wp-json\/wp\/v2\/pages\/158"}],"collection":[{"href":"https:\/\/shcn.ca\/index.php\/wp-json\/wp\/v2\/pages"}],"about":[{"href":"https:\/\/shcn.ca\/index.php\/wp-json\/wp\/v2\/types\/page"}],"author":[{"embeddable":true,"href":"https:\/\/shcn.ca\/index.php\/wp-json\/wp\/v2\/users\/1"}],"replies":[{"embeddable":true,"href":"https:\/\/shcn.ca\/index.php\/wp-json\/wp\/v2\/comments?post=158"}],"version-history":[{"count":44,"href":"https:\/\/shcn.ca\/index.php\/wp-json\/wp\/v2\/pages\/158\/revisions"}],"predecessor-version":[{"id":423,"href":"https:\/\/shcn.ca\/index.php\/wp-json\/wp\/v2\/pages\/158\/revisions\/423"}],"wp:attachment":[{"href":"https:\/\/shcn.ca\/index.php\/wp-json\/wp\/v2\/media?parent=158"}],"curies":[{"name":"wp","href":"https:\/\/api.w.org\/{rel}","templated":true}]}}